{"id":64,"date":"2024-01-04T15:42:07","date_gmt":"2024-01-04T14:42:07","guid":{"rendered":"https:\/\/wyciagugory.pl\/?page_id=64"},"modified":"2026-01-17T11:12:04","modified_gmt":"2026-01-17T10:12:04","slug":"szkola-narciarska","status":"publish","type":"page","link":"https:\/\/wyciagugory.pl\/en\/szkola-narciarska\/","title":{"rendered":"SKI SCHOOL"},"content":{"rendered":"<div class=\"wp-block-image\">\n<figure class=\"aligncenter size-large is-resized\"><img loading=\"lazy\" decoding=\"async\" width=\"1024\" height=\"744\" src=\"https:\/\/wyciagugory.pl\/wp-content\/uploads\/2024\/10\/ugory-3-1024x744.png\" alt=\"\" class=\"wp-image-222\" style=\"width:525px;height:auto\" srcset=\"https:\/\/wyciagugory.pl\/wp-content\/uploads\/2024\/10\/ugory-3-1024x744.png 1024w, https:\/\/wyciagugory.pl\/wp-content\/uploads\/2024\/10\/ugory-3-300x218.png 300w, https:\/\/wyciagugory.pl\/wp-content\/uploads\/2024\/10\/ugory-3-768x558.png 768w, https:\/\/wyciagugory.pl\/wp-content\/uploads\/2024\/10\/ugory-3.png 1222w\" sizes=\"auto, (max-width: 1024px) 100vw, 1024px\" \/><\/figure>\n<\/div>\n\n\n<p class=\"has-vivid-red-color has-text-color has-link-color has-large-font-size wp-elements-5ba3c5e88ce4b14f4f11586ca162894b\"><strong>Price list for individual and group lessons for the winter season 2025\/2026<\/strong><\/p>\n\n\n\n<p class=\"has-vivid-green-cyan-color has-text-color has-link-color has-large-font-size wp-elements-0c0b18379c7607b1f5bb48ceff7f64b3\"><strong>SKI SCHOOL<\/strong> <strong>-<\/strong> <strong>School<\/strong><\/p>\n\n\n\n<p class=\"has-vivid-red-color has-text-color has-link-color has-medium-font-size wp-elements-13b4dbd945d4d2d2f7fc9a56514f9486\"><strong>time of 1 lesson = 50 minutes<\/strong> <\/p>\n\n\n\n<p class=\"has-medium-font-size\"><strong>1 person \u2013 200 PLN<\/strong><\/p>\n\n\n\n<p class=\"has-medium-font-size\"><strong>2nd person - 240 PLN<\/strong><\/p>\n\n\n\n<p class=\"has-medium-font-size\"><strong>3rd person - 300 PLN<\/strong><\/p>\n\n\n\n<p class=\"has-medium-font-size\"><strong>4th person - 350 PLN<\/strong><\/p>\n\n\n\n<p class=\"has-medium-font-size\"><strong>5th person - 400 PLN<\/strong><\/p>\n\n\n\n<p class=\"has-medium-font-size\"><strong>OVER 5 PEOPLE EACH ADDITIONAL PERSON 60 PLN<\/strong><\/p>\n\n\n\n<p><strong>FOR GROUPS OVER 10 PEOPLE, THE PRICE IS SET INDIVIDUALLY DEPENDING ON THE NUMBER OF PEOPLE <\/strong><\/p>\n\n\n\n<p class=\"has-vivid-red-color has-text-color has-link-color wp-elements-0dd6373f32f656d9ab3b17cc0c3ff384\">\u2013&gt;<strong>The price includes ski lift rides during the lesson<\/strong>&lt;\u2013<\/p>\n\n\n\n<p class=\"has-vivid-red-color has-text-color has-link-color wp-elements-ea108f67e36b573e04c7d79b8bf35d43\"><strong>PAYMENT CASH\/BLIK\/REVOLUT<\/strong><\/p>\n\n\n<div class=\"wp-block-image\">\n<figure class=\"aligncenter size-large is-resized\"><img loading=\"lazy\" decoding=\"async\" width=\"1024\" height=\"744\" src=\"https:\/\/wyciagugory.pl\/wp-content\/uploads\/2024\/10\/ugory-3-1024x744.png\" alt=\"\" class=\"wp-image-222\" style=\"width:525px;height:auto\" srcset=\"https:\/\/wyciagugory.pl\/wp-content\/uploads\/2024\/10\/ugory-3-1024x744.png 1024w, https:\/\/wyciagugory.pl\/wp-content\/uploads\/2024\/10\/ugory-3-300x218.png 300w, https:\/\/wyciagugory.pl\/wp-content\/uploads\/2024\/10\/ugory-3-768x558.png 768w, https:\/\/wyciagugory.pl\/wp-content\/uploads\/2024\/10\/ugory-3.png 1222w\" sizes=\"auto, (max-width: 1024px) 100vw, 1024px\" \/><\/figure>\n<\/div>\n\n\n<p class=\"has-vivid-red-color has-text-color has-link-color wp-elements-c9365267f914bd71ea50e5e539e3962b\"><\/p>","protected":false},"excerpt":{"rendered":"<p>Cennik lekcji indywidualnych oraz grupowych na sezon zimowy 2025\/2026 Szko\u0142a Narciarska i Snowboardu czas 1 lekcji = 50 minut 1 osoba \u2013 200 z\u0142 2 osoby \u2013 240 z\u0142 3 osoby \u2013 300 z\u0142 4 osoby \u2013 350 z\u0142 5 os\u00f3b \u2013 400 z\u0142 POWY\u017bEJ 5 OS\u00d3B KA\u017bDA DODATKOWA OSOBA 60 Z\u0141 DLA GRUP POWY\u017bEJ [&hellip;]<\/p>","protected":false},"author":1,"featured_media":0,"parent":0,"menu_order":0,"comment_status":"closed","ping_status":"closed","template":"","meta":{"footnotes":""},"class_list":["post-64","page","type-page","status-publish","hentry"],"_links":{"self":[{"href":"https:\/\/wyciagugory.pl\/en\/wp-json\/wp\/v2\/pages\/64","targetHints":{"allow":["GET"]}}],"collection":[{"href":"https:\/\/wyciagugory.pl\/en\/wp-json\/wp\/v2\/pages"}],"about":[{"href":"https:\/\/wyciagugory.pl\/en\/wp-json\/wp\/v2\/types\/page"}],"author":[{"embeddable":true,"href":"https:\/\/wyciagugory.pl\/en\/wp-json\/wp\/v2\/users\/1"}],"replies":[{"embeddable":true,"href":"https:\/\/wyciagugory.pl\/en\/wp-json\/wp\/v2\/comments?post=64"}],"version-history":[{"count":11,"href":"https:\/\/wyciagugory.pl\/en\/wp-json\/wp\/v2\/pages\/64\/revisions"}],"predecessor-version":[{"id":296,"href":"https:\/\/wyciagugory.pl\/en\/wp-json\/wp\/v2\/pages\/64\/revisions\/296"}],"wp:attachment":[{"href":"https:\/\/wyciagugory.pl\/en\/wp-json\/wp\/v2\/media?parent=64"}],"curies":[{"name":"wp","href":"https:\/\/api.w.org\/{rel}","templated":true}]}}