{"id":76,"date":"2024-01-04T15:56:15","date_gmt":"2024-01-04T14:56:15","guid":{"rendered":"https:\/\/wyciagugory.pl\/?page_id=76"},"modified":"2026-01-17T11:13:23","modified_gmt":"2026-01-17T10:13:23","slug":"wyciag-narciarski","status":"publish","type":"page","link":"https:\/\/wyciagugory.pl\/en\/wyciag-narciarski\/","title":{"rendered":"SKI LIFT"},"content":{"rendered":"<div class=\"wp-block-image\">\n<figure class=\"aligncenter size-large is-resized\"><img loading=\"lazy\" decoding=\"async\" width=\"1024\" height=\"744\" src=\"https:\/\/wyciagugory.pl\/wp-content\/uploads\/2024\/10\/ugory-3-1024x744.png\" alt=\"\" class=\"wp-image-222\" style=\"width:525px;height:auto\" srcset=\"https:\/\/wyciagugory.pl\/wp-content\/uploads\/2024\/10\/ugory-3-1024x744.png 1024w, https:\/\/wyciagugory.pl\/wp-content\/uploads\/2024\/10\/ugory-3-300x218.png 300w, https:\/\/wyciagugory.pl\/wp-content\/uploads\/2024\/10\/ugory-3-768x558.png 768w, https:\/\/wyciagugory.pl\/wp-content\/uploads\/2024\/10\/ugory-3.png 1222w\" sizes=\"auto, (max-width: 1024px) 100vw, 1024px\" \/><\/figure>\n<\/div>\n\n\n<p class=\"has-vivid-red-color has-text-color has-link-color has-large-font-size wp-elements-d6b76ac922240bf5b2f93519004d7bb7\"><strong>Price list for the 2025\/2026 Winter Season<\/strong><\/p>\n\n\n\n<p class=\"has-vivid-green-cyan-color has-text-color has-link-color has-large-font-size wp-elements-864c85196fef0815d63e1b04575189de\"><strong>Rides Passes:<\/strong><\/p>\n\n\n\n<p class=\"has-black-color has-text-color has-link-color has-medium-font-size wp-elements-e0185b282d20b4fc180a5f859bf43633\"><strong>Each ride 5 PLN (any number from 1 to 100)<\/strong> <\/p>\n\n\n\n<p class=\"has-vivid-green-cyan-color has-text-color has-link-color has-large-font-size wp-elements-3eb3adee523c341f8c3ce9b0708dc05e\"><strong>Hourly passes:<\/strong><\/p>\n\n\n\n<p class=\"has-medium-font-size\"><strong>1h &#8211; 50 PLN<br>2h &#8211; 80 PLN<br>3h &#8211; 100 PLN<br>4h &#8211; 120 PLN<br>1 day \u2013 150 PLN<\/strong> <\/p>\n\n\n\n<p class=\"has-vivid-red-color has-text-color has-link-color wp-elements-c7f94151c728004a5e835e2e87f17bb6\"><strong>1-day pass \u2013 this is not a 24-hour pass, but from 9 a.m. to the closing of the slope on a given day (the closing time of the slope depends on the number of people on the slope)<\/strong><\/p>\n\n\n\n<p class=\"has-vivid-red-color has-text-color has-link-color has-medium-font-size wp-elements-1d8d34b18761a2300b535ce5840ecb91\"><strong>deposit for the Magnetic Card PLN 10.00<\/strong><\/p>\n\n\n\n<p class=\"has-vivid-red-color has-text-color has-link-color has-medium-font-size wp-elements-8f2245aebbd2391939c1cebf77d363c1\">*<strong>We do not refund money for unused rides.<br>*Time passes are non-refundable after first use.<br>*We do not refund the deposit for a damaged card.<\/strong><\/p>\n\n\n\n<p class=\"has-vivid-red-color has-text-color has-link-color wp-elements-4a6d95415aa75f45452685b84338e03c\">&#8211;><strong>PAYMENT CASH\/BLIK\/REVOLUT<\/strong>&lt;\u2013<\/p>\n\n\n<div class=\"wp-block-image\">\n<figure class=\"aligncenter size-large is-resized\"><img loading=\"lazy\" decoding=\"async\" width=\"1024\" height=\"744\" src=\"https:\/\/wyciagugory.pl\/wp-content\/uploads\/2024\/10\/ugory-3-1024x744.png\" alt=\"\" class=\"wp-image-222\" style=\"width:525px;height:auto\" srcset=\"https:\/\/wyciagugory.pl\/wp-content\/uploads\/2024\/10\/ugory-3-1024x744.png 1024w, https:\/\/wyciagugory.pl\/wp-content\/uploads\/2024\/10\/ugory-3-300x218.png 300w, https:\/\/wyciagugory.pl\/wp-content\/uploads\/2024\/10\/ugory-3-768x558.png 768w, https:\/\/wyciagugory.pl\/wp-content\/uploads\/2024\/10\/ugory-3.png 1222w\" sizes=\"auto, (max-width: 1024px) 100vw, 1024px\" \/><\/figure>\n<\/div>","protected":false},"excerpt":{"rendered":"<p>Cennik na Sezon Zimowy 2025\/2026 Karnety Przejazdowe: Ka\u017cdy przejazd 5 z\u0142 (dowolna ilo\u015b\u0107 od 1 do 100) Karnety godzinowe: 1h &#8211; 50 PLN2h &#8211; 80 PLN3h &#8211; 100 PLN4h &#8211; 120 PLN1 dzie\u0144 &#8211; 150 PLN Karnet 1 dzie\u0144 &#8211; nie jest to karnet 24h lecz od godz 9 do zamkni\u0119cia stoku danego dnia( godzina [&hellip;]<\/p>","protected":false},"author":1,"featured_media":0,"parent":0,"menu_order":0,"comment_status":"closed","ping_status":"closed","template":"","meta":{"footnotes":""},"class_list":["post-76","page","type-page","status-publish","hentry"],"_links":{"self":[{"href":"https:\/\/wyciagugory.pl\/en\/wp-json\/wp\/v2\/pages\/76","targetHints":{"allow":["GET"]}}],"collection":[{"href":"https:\/\/wyciagugory.pl\/en\/wp-json\/wp\/v2\/pages"}],"about":[{"href":"https:\/\/wyciagugory.pl\/en\/wp-json\/wp\/v2\/types\/page"}],"author":[{"embeddable":true,"href":"https:\/\/wyciagugory.pl\/en\/wp-json\/wp\/v2\/users\/1"}],"replies":[{"embeddable":true,"href":"https:\/\/wyciagugory.pl\/en\/wp-json\/wp\/v2\/comments?post=76"}],"version-history":[{"count":20,"href":"https:\/\/wyciagugory.pl\/en\/wp-json\/wp\/v2\/pages\/76\/revisions"}],"predecessor-version":[{"id":298,"href":"https:\/\/wyciagugory.pl\/en\/wp-json\/wp\/v2\/pages\/76\/revisions\/298"}],"wp:attachment":[{"href":"https:\/\/wyciagugory.pl\/en\/wp-json\/wp\/v2\/media?parent=76"}],"curies":[{"name":"wp","href":"https:\/\/api.w.org\/{rel}","templated":true}]}}