{"id":78,"date":"2024-01-04T15:56:15","date_gmt":"2024-01-04T14:56:15","guid":{"rendered":"https:\/\/wyciagugory.pl\/?page_id=78"},"modified":"2026-01-17T11:12:42","modified_gmt":"2026-01-17T10:12:42","slug":"wypozyczalnia-nart","status":"publish","type":"page","link":"https:\/\/wyciagugory.pl\/en\/wypozyczalnia-nart\/","title":{"rendered":"SKI RENTAL"},"content":{"rendered":"<div class=\"wp-block-image\">\n<figure class=\"aligncenter size-large is-resized\"><img loading=\"lazy\" decoding=\"async\" width=\"1024\" height=\"744\" src=\"https:\/\/wyciagugory.pl\/wp-content\/uploads\/2024\/10\/ugory-3-1024x744.png\" alt=\"\" class=\"wp-image-222\" style=\"width:525px;height:auto\" srcset=\"https:\/\/wyciagugory.pl\/wp-content\/uploads\/2024\/10\/ugory-3-1024x744.png 1024w, https:\/\/wyciagugory.pl\/wp-content\/uploads\/2024\/10\/ugory-3-300x218.png 300w, https:\/\/wyciagugory.pl\/wp-content\/uploads\/2024\/10\/ugory-3-768x558.png 768w, https:\/\/wyciagugory.pl\/wp-content\/uploads\/2024\/10\/ugory-3.png 1222w\" sizes=\"auto, (max-width: 1024px) 100vw, 1024px\" \/><\/figure>\n<\/div>\n\n\n<p class=\"has-vivid-red-color has-text-color has-link-color has-large-font-size wp-elements-d6b76ac922240bf5b2f93519004d7bb7\"><strong>Price list for the 2025\/2026 Winter Season<\/strong><\/p>\n\n\n\n<p class=\"has-vivid-green-cyan-color has-text-color has-link-color has-large-font-size wp-elements-015a0f46e5b29a6cbf1658ec1cc125c9\"><strong>SKI RENTAL<\/strong><\/p>\n\n\n\n<p class=\"has-black-color has-text-color has-link-color has-medium-font-size wp-elements-beada1b2cbcdd04eb34ad7d9dea4762a\"><strong><br>Ski Set (boots, skis, poles, helmet)<br>Up to 2 hours -30 PLN<br>3h \u2013 40 PLN<br>4h-45 PLN<br>24 hours 50 PLN<\/strong><\/p>\n\n\n\n<p class=\"has-medium-font-size\"><strong>SKI GOGGLES:<br>UP TO 2 HOURS \u2013 10 PLN<br>3H-24H \u2013 20 PLN<\/strong><\/p>\n\n\n\n<p class=\"has-vivid-red-color has-text-color has-link-color has-medium-font-size wp-elements-c380dc8e231ffd795eeff2a5116f512a\"><strong>To rent ski equipment, you must present an ID document.<\/strong><\/p>\n\n\n\n<p class=\"has-vivid-red-color has-text-color has-link-color wp-elements-ea108f67e36b573e04c7d79b8bf35d43\"><strong>PAYMENT CASH\/BLIK\/REVOLUT<\/strong><\/p>\n\n\n<div class=\"wp-block-image\">\n<figure class=\"aligncenter size-large is-resized\"><img loading=\"lazy\" decoding=\"async\" width=\"1024\" height=\"744\" src=\"https:\/\/wyciagugory.pl\/wp-content\/uploads\/2024\/10\/ugory-3-1024x744.png\" alt=\"\" class=\"wp-image-222\" style=\"width:525px;height:auto\" srcset=\"https:\/\/wyciagugory.pl\/wp-content\/uploads\/2024\/10\/ugory-3-1024x744.png 1024w, https:\/\/wyciagugory.pl\/wp-content\/uploads\/2024\/10\/ugory-3-300x218.png 300w, https:\/\/wyciagugory.pl\/wp-content\/uploads\/2024\/10\/ugory-3-768x558.png 768w, https:\/\/wyciagugory.pl\/wp-content\/uploads\/2024\/10\/ugory-3.png 1222w\" sizes=\"auto, (max-width: 1024px) 100vw, 1024px\" \/><\/figure>\n<\/div>","protected":false},"excerpt":{"rendered":"<p>Cennik na Sezon Zimowy 2025\/2026 Wypo\u017cyczalnia Nart Narty Komplet (buty, narty, kijki, kask)Do 2h -30 z\u01423h \u2013 40 z\u01424h-45 z\u0142Doba 50 z\u0142 GOGLE NARCIARSKIE:DO 2H &#8211; 10 Z\u01413H-24H &#8211; 20 Z\u0141 Do wypo\u017cyczenia sprz\u0119tu narciarskiego wymaga si\u0119 okazanie dokumentu to\u017csamo\u015bci &#8211;>P\u0142atno\u015b\u0107 GOT\u00d3WKA\/BLIK\/REVOLUT&lt;&#8211;<\/p>","protected":false},"author":1,"featured_media":0,"parent":0,"menu_order":0,"comment_status":"closed","ping_status":"closed","template":"","meta":{"footnotes":""},"class_list":["post-78","page","type-page","status-publish","hentry"],"_links":{"self":[{"href":"https:\/\/wyciagugory.pl\/en\/wp-json\/wp\/v2\/pages\/78","targetHints":{"allow":["GET"]}}],"collection":[{"href":"https:\/\/wyciagugory.pl\/en\/wp-json\/wp\/v2\/pages"}],"about":[{"href":"https:\/\/wyciagugory.pl\/en\/wp-json\/wp\/v2\/types\/page"}],"author":[{"embeddable":true,"href":"https:\/\/wyciagugory.pl\/en\/wp-json\/wp\/v2\/users\/1"}],"replies":[{"embeddable":true,"href":"https:\/\/wyciagugory.pl\/en\/wp-json\/wp\/v2\/comments?post=78"}],"version-history":[{"count":12,"href":"https:\/\/wyciagugory.pl\/en\/wp-json\/wp\/v2\/pages\/78\/revisions"}],"predecessor-version":[{"id":297,"href":"https:\/\/wyciagugory.pl\/en\/wp-json\/wp\/v2\/pages\/78\/revisions\/297"}],"wp:attachment":[{"href":"https:\/\/wyciagugory.pl\/en\/wp-json\/wp\/v2\/media?parent=78"}],"curies":[{"name":"wp","href":"https:\/\/api.w.org\/{rel}","templated":true}]}}